{"id":6,"date":"2023-07-26T10:26:24","date_gmt":"2023-07-26T08:26:24","guid":{"rendered":"https:\/\/www.yannprimeur.fr\/?page_id=6"},"modified":"2023-07-26T23:04:26","modified_gmt":"2023-07-26T21:04:26","slug":"accueil","status":"publish","type":"page","link":"https:\/\/www.yannprimeur.fr\/","title":{"rendered":"Yann Primeur"},"content":{"rendered":"\n<div class=\"wp-block-cover alignfull is-light\" style=\"min-height:700px;aspect-ratio:unset;\"><span aria-hidden=\"true\" class=\"wp-block-cover__background has-background-dim-0 has-background-dim\"><\/span><img loading=\"lazy\" decoding=\"async\" width=\"1500\" height=\"500\" class=\"wp-block-cover__image-background wp-image-29\" alt=\"\" src=\"https:\/\/www.yannprimeur.fr\/wp-content\/uploads\/2023\/07\/185059798_2798064420524271_6716026705151864175_n.jpg\" data-object-fit=\"cover\" srcset=\"https:\/\/www.yannprimeur.fr\/wp-content\/uploads\/2023\/07\/185059798_2798064420524271_6716026705151864175_n.jpg 1500w, https:\/\/www.yannprimeur.fr\/wp-content\/uploads\/2023\/07\/185059798_2798064420524271_6716026705151864175_n-300x100.jpg 300w, https:\/\/www.yannprimeur.fr\/wp-content\/uploads\/2023\/07\/185059798_2798064420524271_6716026705151864175_n-1024x341.jpg 1024w, https:\/\/www.yannprimeur.fr\/wp-content\/uploads\/2023\/07\/185059798_2798064420524271_6716026705151864175_n-768x256.jpg 768w\" sizes=\"auto, (max-width: 1500px) 100vw, 1500px\" \/><div class=\"wp-block-cover__inner-container is-layout-flow wp-block-cover-is-layout-flow\">\n<div style=\"height:80px\" aria-hidden=\"true\" class=\"wp-block-spacer\"><\/div>\n\n\n\n<div style=\"height:80px\" aria-hidden=\"true\" class=\"wp-block-spacer\"><\/div>\n\n\n\n<div style=\"height:80px\" aria-hidden=\"true\" class=\"wp-block-spacer\"><\/div>\n\n\n\n<p><\/p>\n<\/div><\/div>\n\n\n\n<div style=\"height:80px\" aria-hidden=\"true\" class=\"wp-block-spacer\"><\/div>\n\n\n\n<div class=\"wp-block-columns is-layout-flex wp-container-core-columns-is-layout-9d6595d7 wp-block-columns-is-layout-flex\">\n<div class=\"wp-block-column is-layout-flow wp-block-column-is-layout-flow\"><div class=\"wp-block-image icon-style is-style-default\">\n<figure class=\"aligncenter is-resized\"><img loading=\"lazy\" decoding=\"async\" src=\"https:\/\/www.yannprimeur.fr\/wp-content\/themes\/neve\/assets\/img\/starter-content\/icon-03.svg\" alt=\"\" width=\"48\" height=\"48\"\/><\/figure>\n<\/div>\n\n\n<div style=\"height:20px\" aria-hidden=\"true\" class=\"wp-block-spacer\"><\/div>\n\n\n\n<h3 class=\"wp-block-heading has-text-align-center has-neve-text-color-color has-text-color\">Les meilleurs produits<\/h3>\n\n\n\n<p class=\"has-text-align-center\">Nous s\u00e9lectionnons nos fournisseurs avec beaucoup d&rsquo;exigence et de curiosit\u00e9.<\/p>\n\n\n\n<div style=\"height:20px\" aria-hidden=\"true\" class=\"wp-block-spacer\"><\/div>\n<\/div>\n\n\n\n<div class=\"wp-block-column is-layout-flow wp-block-column-is-layout-flow\"><div class=\"wp-block-image icon-style is-style-default\">\n<figure class=\"aligncenter is-resized\"><img loading=\"lazy\" decoding=\"async\" src=\"https:\/\/www.yannprimeur.fr\/wp-content\/themes\/neve\/assets\/img\/starter-content\/icon-02.svg\" alt=\"\" width=\"48\" height=\"48\"\/><\/figure>\n<\/div>\n\n\n<div style=\"height:20px\" aria-hidden=\"true\" class=\"wp-block-spacer\"><\/div>\n\n\n\n<h3 class=\"wp-block-heading has-text-align-center has-neve-text-color-color has-text-color\">Deux livraisons par semaine<\/h3>\n\n\n\n<p class=\"has-text-align-center\">Un service au plus pr\u00e8s de vos besoins<\/p>\n\n\n\n<div style=\"height:20px\" aria-hidden=\"true\" class=\"wp-block-spacer\"><\/div>\n<\/div>\n\n\n\n<div class=\"wp-block-column is-layout-flow wp-block-column-is-layout-flow\"><div class=\"wp-block-image icon-style is-style-rounded\">\n<figure class=\"aligncenter is-resized\"><img loading=\"lazy\" decoding=\"async\" src=\"https:\/\/www.yannprimeur.fr\/wp-content\/themes\/neve\/assets\/img\/starter-content\/icon-01.svg\" alt=\"\" width=\"48\" height=\"48\"\/><\/figure>\n<\/div>\n\n\n<div style=\"height:20px\" aria-hidden=\"true\" class=\"wp-block-spacer\"><\/div>\n\n\n\n<h3 class=\"wp-block-heading has-text-align-center has-neve-text-color-color has-text-color\">A votre \u00e9coute<\/h3>\n\n\n\n<p class=\"has-text-align-center\">N&rsquo;h\u00e9sitez pas \u00e0 nous demander ce que vous d\u00e9sirez. Nous nous efforcerons de trouver la meilleure r\u00e9ponse.<\/p>\n\n\n\n<div style=\"height:20px\" aria-hidden=\"true\" class=\"wp-block-spacer\"><\/div>\n<\/div>\n<\/div>\n\n\n\n<div style=\"height:80px\" aria-hidden=\"true\" class=\"wp-block-spacer\"><\/div>\n\n\n\n<div class=\"wp-block-cover alignfull\" style=\"min-height:600px;aspect-ratio:unset;\"><span aria-hidden=\"true\" class=\"wp-block-cover__background has-nv-light-bg-background-color has-background-dim-100 has-background-dim\"><\/span><div class=\"wp-block-cover__inner-container is-layout-flow wp-block-cover-is-layout-flow\">\n<div class=\"wp-block-group\"><div class=\"wp-block-group__inner-container is-layout-flow wp-block-group-is-layout-flow\">\n<div style=\"height:80px\" aria-hidden=\"true\" class=\"wp-block-spacer\"><\/div>\n\n\n\n<div class=\"wp-block-columns are-vertically-aligned-center is-layout-flex wp-container-core-columns-is-layout-9d6595d7 wp-block-columns-is-layout-flex\">\n<div class=\"wp-block-column is-vertically-aligned-center is-layout-flow wp-block-column-is-layout-flow\" style=\"flex-basis:50%\">\n<figure class=\"wp-block-image size-large\"><img loading=\"lazy\" decoding=\"async\" width=\"690\" height=\"1024\" src=\"https:\/\/www.yannprimeur.fr\/wp-content\/uploads\/2023\/07\/290835163_3097374113926632_1507620645156026059_n-690x1024.jpg\" alt=\"\" class=\"wp-image-30\" srcset=\"https:\/\/www.yannprimeur.fr\/wp-content\/uploads\/2023\/07\/290835163_3097374113926632_1507620645156026059_n-690x1024.jpg 690w, https:\/\/www.yannprimeur.fr\/wp-content\/uploads\/2023\/07\/290835163_3097374113926632_1507620645156026059_n-202x300.jpg 202w, https:\/\/www.yannprimeur.fr\/wp-content\/uploads\/2023\/07\/290835163_3097374113926632_1507620645156026059_n-768x1140.jpg 768w, https:\/\/www.yannprimeur.fr\/wp-content\/uploads\/2023\/07\/290835163_3097374113926632_1507620645156026059_n-1035x1536.jpg 1035w, https:\/\/www.yannprimeur.fr\/wp-content\/uploads\/2023\/07\/290835163_3097374113926632_1507620645156026059_n.jpg 1358w\" sizes=\"auto, (max-width: 690px) 100vw, 690px\" \/><\/figure>\n<\/div>\n\n\n\n<div class=\"wp-block-column is-vertically-aligned-center is-layout-flow wp-block-column-is-layout-flow\" style=\"flex-basis:50%\">\n<h2 class=\"wp-block-heading has-text-align-left has-neve-text-color-color has-text-color\">Au plus proche de nos clients<\/h2>\n\n\n\n<p class=\"has-text-align-left has-neve-text-color-color has-text-color\" style=\"font-size:17px\">Nous sommes \u00e0 votre service pour \u00e9couter vos besoins et vous procurer les meilleurs fruits et l\u00e9gumes.<\/p>\n\n\n\n<p class=\"has-text-align-left has-neve-text-color-color has-text-color\" style=\"font-size:17px\">Deux livraisons par semaine sur la r\u00e9gion grenobloise.<\/p>\n\n\n\n<p><\/p>\n\n\n\n<div class=\"wp-block-buttons is-content-justification-left is-layout-flex wp-container-core-buttons-is-layout-fdcfc74e wp-block-buttons-is-layout-flex\"><\/div>\n<\/div>\n<\/div>\n\n\n\n<div style=\"height:40px\" aria-hidden=\"true\" class=\"wp-block-spacer\"><\/div>\n<\/div><\/div>\n<\/div><\/div>\n\n\n\n<div class=\"wp-block-cover alignfull\" style=\"min-height:600px;aspect-ratio:unset;\"><span aria-hidden=\"true\" class=\"wp-block-cover__background has-nv-site-bg-background-color has-background-dim-100 has-background-dim\"><\/span><div class=\"wp-block-cover__inner-container is-layout-flow wp-block-cover-is-layout-flow\">\n<div class=\"wp-block-group\"><div class=\"wp-block-group__inner-container is-layout-flow wp-block-group-is-layout-flow\">\n<div style=\"height:80px\" aria-hidden=\"true\" class=\"wp-block-spacer\"><\/div>\n\n\n\n<div class=\"wp-block-columns are-vertically-aligned-center is-layout-flex wp-container-core-columns-is-layout-9d6595d7 wp-block-columns-is-layout-flex\">\n<div class=\"wp-block-column is-vertically-aligned-center is-layout-flow wp-block-column-is-layout-flow\" style=\"flex-basis:50%\">\n<h2 class=\"wp-block-heading has-text-align-left has-neve-text-color-color has-text-color\">Fruits, l\u00e9gumes, herbes,&#8230;<\/h2>\n\n\n\n<p class=\"has-text-align-left has-neve-text-color-color has-text-color\" style=\"font-size:17px\">Tous les produits disponibles sur commande.<\/p>\n\n\n\n<div class=\"wp-block-buttons is-content-justification-left is-layout-flex wp-container-core-buttons-is-layout-fdcfc74e wp-block-buttons-is-layout-flex\"><\/div>\n\n\n\n<div style=\"height:40px\" aria-hidden=\"true\" class=\"wp-block-spacer\"><\/div>\n<\/div>\n\n\n\n<div class=\"wp-block-column is-vertically-aligned-center is-layout-flow wp-block-column-is-layout-flow\" style=\"flex-basis:50%\">\n<figure class=\"wp-block-image size-large\"><img loading=\"lazy\" decoding=\"async\" width=\"1024\" height=\"768\" src=\"https:\/\/www.yannprimeur.fr\/wp-content\/uploads\/2023\/07\/121582895_2636532576677457_5955176105259083805_n-1024x768.jpg\" alt=\"\" class=\"wp-image-37\" srcset=\"https:\/\/www.yannprimeur.fr\/wp-content\/uploads\/2023\/07\/121582895_2636532576677457_5955176105259083805_n-1024x768.jpg 1024w, https:\/\/www.yannprimeur.fr\/wp-content\/uploads\/2023\/07\/121582895_2636532576677457_5955176105259083805_n-300x225.jpg 300w, https:\/\/www.yannprimeur.fr\/wp-content\/uploads\/2023\/07\/121582895_2636532576677457_5955176105259083805_n-768x576.jpg 768w, https:\/\/www.yannprimeur.fr\/wp-content\/uploads\/2023\/07\/121582895_2636532576677457_5955176105259083805_n.jpg 1440w\" sizes=\"auto, (max-width: 1024px) 100vw, 1024px\" \/><\/figure>\n<\/div>\n<\/div>\n\n\n\n<div style=\"height:40px\" aria-hidden=\"true\" class=\"wp-block-spacer\"><\/div>\n<\/div><\/div>\n<\/div><\/div>\n\n\n\n<div class=\"wp-block-cover alignfull\" style=\"min-height:600px;aspect-ratio:unset;\"><span aria-hidden=\"true\" class=\"wp-block-cover__background has-nv-dark-bg-background-color has-background-dim-100 has-background-dim\"><\/span><div class=\"wp-block-cover__inner-container is-layout-flow wp-block-cover-is-layout-flow\">\n<div class=\"wp-block-group\"><div class=\"wp-block-group__inner-container is-layout-flow wp-block-group-is-layout-flow\">\n<div style=\"height:80px\" aria-hidden=\"true\" class=\"wp-block-spacer\"><\/div>\n\n\n\n<div class=\"wp-block-columns are-vertically-aligned-center is-layout-flex wp-container-core-columns-is-layout-9d6595d7 wp-block-columns-is-layout-flex\">\n<div class=\"wp-block-column is-vertically-aligned-center is-layout-flow wp-block-column-is-layout-flow\" style=\"flex-basis:50%\">\n<figure class=\"wp-block-image size-large\"><img loading=\"lazy\" decoding=\"async\" width=\"768\" height=\"1024\" src=\"https:\/\/www.yannprimeur.fr\/wp-content\/uploads\/2023\/07\/22135372_1838607813136608_9115592740716997734_o-768x1024.jpg\" alt=\"\" class=\"wp-image-38\" srcset=\"https:\/\/www.yannprimeur.fr\/wp-content\/uploads\/2023\/07\/22135372_1838607813136608_9115592740716997734_o-768x1024.jpg 768w, https:\/\/www.yannprimeur.fr\/wp-content\/uploads\/2023\/07\/22135372_1838607813136608_9115592740716997734_o-225x300.jpg 225w, https:\/\/www.yannprimeur.fr\/wp-content\/uploads\/2023\/07\/22135372_1838607813136608_9115592740716997734_o-1152x1536.jpg 1152w, https:\/\/www.yannprimeur.fr\/wp-content\/uploads\/2023\/07\/22135372_1838607813136608_9115592740716997734_o.jpg 1200w\" sizes=\"auto, (max-width: 768px) 100vw, 768px\" \/><\/figure>\n<\/div>\n\n\n\n<div class=\"wp-block-column is-vertically-aligned-center is-layout-flow wp-block-column-is-layout-flow\" style=\"flex-basis:50%\">\n<div style=\"height:40px\" aria-hidden=\"true\" class=\"wp-block-spacer\"><\/div>\n\n\n\n<h2 class=\"wp-block-heading has-text-align-left has-nv-text-dark-bg-color has-text-color\">Une \u00e9quipe de passionn\u00e9s<\/h2>\n\n\n\n<p class=\"has-text-align-left has-nv-text-dark-bg-color has-text-color\" style=\"font-size:17px\">Nous sommes toujours \u00e0 la recherche de nouvelles sources. Amoureux des bons produits, nous nous effor\u00e7ons de vous procurer la meilleure qualit\u00e9 pour que vos cr\u00e9ations soient toujours plus d\u00e9licieuses.<\/p>\n\n\n\n<div class=\"wp-block-buttons is-content-justification-left is-layout-flex wp-container-core-buttons-is-layout-fdcfc74e wp-block-buttons-is-layout-flex\"><\/div>\n<\/div>\n<\/div>\n\n\n\n<div style=\"height:40px\" aria-hidden=\"true\" class=\"wp-block-spacer\"><\/div>\n<\/div><\/div>\n<\/div><\/div>\n\n\n\n<div style=\"height:40px\" aria-hidden=\"true\" class=\"wp-block-spacer\"><\/div>\n\n\n\n<div class=\"wp-block-cover alignfull\" style=\"min-height:600px;aspect-ratio:unset;\"><span aria-hidden=\"true\" class=\"wp-block-cover__background has-nv-site-bg-background-color has-background-dim-100 has-background-dim\"><\/span><div class=\"wp-block-cover__inner-container is-layout-flow wp-block-cover-is-layout-flow\">\n<div class=\"wp-block-group\"><div class=\"wp-block-group__inner-container is-layout-flow wp-block-group-is-layout-flow\">\n<div style=\"height:80px\" aria-hidden=\"true\" class=\"wp-block-spacer\"><\/div>\n\n\n\n<h2 class=\"wp-block-heading has-neve-text-color-color has-text-color\">Ils nous font confiance<\/h2>\n\n\n\n<div style=\"height:20px\" aria-hidden=\"true\" class=\"wp-block-spacer\"><\/div>\n\n\n\n<div class=\"wp-block-columns are-vertically-aligned-center is-layout-flex wp-container-core-columns-is-layout-9d6595d7 wp-block-columns-is-layout-flex\">\n<div class=\"wp-block-column is-vertically-aligned-center is-layout-flow wp-block-column-is-layout-flow\" style=\"flex-basis:50%\">\n<figure class=\"wp-block-image size-large\"><img loading=\"lazy\" decoding=\"async\" width=\"764\" height=\"1024\" src=\"https:\/\/www.yannprimeur.fr\/wp-content\/uploads\/2023\/07\/291043244_3097376017259775_4108069060814605620_n-764x1024.jpg\" alt=\"\" class=\"wp-image-31\" srcset=\"https:\/\/www.yannprimeur.fr\/wp-content\/uploads\/2023\/07\/291043244_3097376017259775_4108069060814605620_n-764x1024.jpg 764w, https:\/\/www.yannprimeur.fr\/wp-content\/uploads\/2023\/07\/291043244_3097376017259775_4108069060814605620_n-224x300.jpg 224w, https:\/\/www.yannprimeur.fr\/wp-content\/uploads\/2023\/07\/291043244_3097376017259775_4108069060814605620_n-768x1029.jpg 768w, https:\/\/www.yannprimeur.fr\/wp-content\/uploads\/2023\/07\/291043244_3097376017259775_4108069060814605620_n-1146x1536.jpg 1146w, https:\/\/www.yannprimeur.fr\/wp-content\/uploads\/2023\/07\/291043244_3097376017259775_4108069060814605620_n.jpg 1504w\" sizes=\"auto, (max-width: 764px) 100vw, 764px\" \/><\/figure>\n\n\n\n<div style=\"height:40px\" aria-hidden=\"true\" class=\"wp-block-spacer\"><\/div>\n<\/div>\n\n\n\n<div class=\"wp-block-column is-vertically-aligned-center is-layout-flow wp-block-column-is-layout-flow\" style=\"flex-basis:50%\">\n<figure class=\"wp-block-image size-full\"><img loading=\"lazy\" decoding=\"async\" width=\"308\" height=\"403\" src=\"https:\/\/www.yannprimeur.fr\/wp-content\/uploads\/2023\/07\/290183267_3093802774283766_3864137187837691006_n.jpg\" alt=\"\" class=\"wp-image-33\" srcset=\"https:\/\/www.yannprimeur.fr\/wp-content\/uploads\/2023\/07\/290183267_3093802774283766_3864137187837691006_n.jpg 308w, https:\/\/www.yannprimeur.fr\/wp-content\/uploads\/2023\/07\/290183267_3093802774283766_3864137187837691006_n-229x300.jpg 229w\" sizes=\"auto, (max-width: 308px) 100vw, 308px\" \/><\/figure>\n\n\n\n<div style=\"height:40px\" aria-hidden=\"true\" class=\"wp-block-spacer\"><\/div>\n<\/div>\n<\/div>\n\n\n\n<div style=\"height:40px\" aria-hidden=\"true\" class=\"wp-block-spacer\"><\/div>\n<\/div><\/div>\n<\/div><\/div>\n","protected":false},"excerpt":{"rendered":"<p>Les meilleurs produits Nous s\u00e9lectionnons nos fournisseurs avec beaucoup d&rsquo;exigence et de curiosit\u00e9. Deux livraisons par semaine Un service au plus pr\u00e8s de vos besoins A votre \u00e9coute N&rsquo;h\u00e9sitez pas \u00e0 nous demander ce que vous d\u00e9sirez. Nous nous efforcerons de trouver la meilleure r\u00e9ponse.<\/p>\n","protected":false},"author":1,"featured_media":0,"parent":0,"menu_order":0,"comment_status":"closed","ping_status":"closed","template":"","meta":{"neve_meta_sidebar":"","neve_meta_container":"","neve_meta_enable_content_width":"on","neve_meta_content_width":100,"neve_meta_title_alignment":"","neve_meta_author_avatar":"","neve_post_elements_order":"","neve_meta_disable_header":"","neve_meta_disable_footer":"","neve_meta_disable_title":"on","footnotes":""},"class_list":["post-6","page","type-page","status-publish","hentry"],"_links":{"self":[{"href":"https:\/\/www.yannprimeur.fr\/index.php\/wp-json\/wp\/v2\/pages\/6","targetHints":{"allow":["GET"]}}],"collection":[{"href":"https:\/\/www.yannprimeur.fr\/index.php\/wp-json\/wp\/v2\/pages"}],"about":[{"href":"https:\/\/www.yannprimeur.fr\/index.php\/wp-json\/wp\/v2\/types\/page"}],"author":[{"embeddable":true,"href":"https:\/\/www.yannprimeur.fr\/index.php\/wp-json\/wp\/v2\/users\/1"}],"replies":[{"embeddable":true,"href":"https:\/\/www.yannprimeur.fr\/index.php\/wp-json\/wp\/v2\/comments?post=6"}],"version-history":[{"count":4,"href":"https:\/\/www.yannprimeur.fr\/index.php\/wp-json\/wp\/v2\/pages\/6\/revisions"}],"predecessor-version":[{"id":39,"href":"https:\/\/www.yannprimeur.fr\/index.php\/wp-json\/wp\/v2\/pages\/6\/revisions\/39"}],"wp:attachment":[{"href":"https:\/\/www.yannprimeur.fr\/index.php\/wp-json\/wp\/v2\/media?parent=6"}],"curies":[{"name":"wp","href":"https:\/\/api.w.org\/{rel}","templated":true}]}}